{"id":11418,"date":"2021-04-22T08:56:57","date_gmt":"2021-04-22T08:56:57","guid":{"rendered":"https:\/\/www.martinchiffers.com\/art\/?post_type=product&#038;p=11418"},"modified":"2024-11-30T15:44:29","modified_gmt":"2024-11-30T15:44:29","slug":"so-good-13","status":"publish","type":"product","link":"https:\/\/www.martinchiffers.com\/art\/product\/so-good-13\/","title":{"rendered":"so good.. #13"},"content":{"rendered":"<p><iframe loading=\"lazy\" title=\"vimeo-player\" src=\"https:\/\/player.vimeo.com\/video\/115649143\" width=\"640\" height=\"360\" frameborder=\"0\" allowfullscreen=\"\"><\/iframe><\/p>\n<p style=\"margin-bottom: 10px; padding: 0px; border: 0px; outline: 0px; font-variant-numeric: inherit; font-variant-east-asian: inherit; font-stretch: inherit; font-size: 12px; line-height: 18px; font-family: &quot;Droid Sans&quot;, arial, sans-serif; vertical-align: baseline; color: rgb(85, 85, 85);\">Number of pages: 306&nbsp;<\/p>\n<p style=\"margin-bottom: 10px; padding: 0px; border: 0px; outline: 0px; font-variant-numeric: inherit; font-variant-east-asian: inherit; font-stretch: inherit; font-size: 12px; line-height: 18px; font-family: &quot;Droid Sans&quot;, arial, sans-serif; vertical-align: baseline; color: rgb(85, 85, 85);\">Measures: 230 x 297 cm&nbsp;<\/p>\n<p style=\"margin-bottom: 10px; padding: 0px; border: 0px; outline: 0px; font-variant-numeric: inherit; font-variant-east-asian: inherit; font-stretch: inherit; font-size: 12px; line-height: 18px; font-family: &quot;Droid Sans&quot;, arial, sans-serif; vertical-align: baseline; color: rgb(85, 85, 85);\">Language: English&nbsp;<\/p>\n<p style=\"margin-bottom: 10px; padding: 0px; border: 0px; outline: 0px; font-variant-numeric: inherit; font-variant-east-asian: inherit; font-stretch: inherit; font-size: 12px; line-height: 18px; font-family: &quot;Droid Sans&quot;, arial, sans-serif; vertical-align: baseline; color: rgb(85, 85, 85);\">&nbsp;<\/p>\n<h4 style=\"margin-right: 0px; margin-bottom: 18px; margin-left: 0px; padding: 0px; border: 0px; outline: 0px; font-variant-numeric: inherit; font-variant-east-asian: inherit; font-stretch: inherit; font-size: 20px; line-height: 24px; font-family: Bitter, arial, sans-serif; vertical-align: baseline; transition: all 0.3s ease 0s; color: rgb(17, 17, 17);\">Summary<\/h4>\n<ul style=\"margin-right: 0px; margin-bottom: 20px; margin-left: 0px; padding: 0px; border: 0px; outline: 0px; font-variant-numeric: inherit; font-variant-east-asian: inherit; font-stretch: inherit; font-size: 12px; line-height: 18px; font-family: &quot;Droid Sans&quot;, arial, sans-serif; vertical-align: baseline; list-style: outside none; color: rgb(85, 85, 85);\">\n<li style=\"margin: 0px 0px 12px 15px; padding: 0px; border: 0px; outline: 0px; font-style: inherit; font-variant: inherit; font-weight: inherit; font-stretch: inherit; font-size: inherit; line-height: 18px; font-family: inherit; vertical-align: baseline; list-style-type: square;\"><strong style=\"margin: 0px; padding: 0px; border: 0px; outline: 0px; font-style: inherit; font-variant: inherit; font-stretch: inherit; font-size: inherit; line-height: inherit; font-family: inherit; vertical-align: baseline;\">christophe adam<\/strong>, the wildest flashes<\/li>\n<li style=\"margin: 0px 0px 12px 15px; padding: 0px; border: 0px; outline: 0px; font-style: inherit; font-variant: inherit; font-weight: inherit; font-stretch: inherit; font-size: inherit; line-height: 18px; font-family: inherit; vertical-align: baseline; list-style-type: square;\"><strong style=\"margin: 0px; padding: 0px; border: 0px; outline: 0px; font-style: inherit; font-variant: inherit; font-stretch: inherit; font-size: inherit; line-height: inherit; font-family: inherit; vertical-align: baseline;\">jerome landrieu<\/strong>, hard work as the best strategy<\/li>\n<li style=\"margin: 0px 0px 12px 15px; padding: 0px; border: 0px; outline: 0px; font-style: inherit; font-variant: inherit; font-weight: inherit; font-stretch: inherit; font-size: inherit; line-height: 18px; font-family: inherit; vertical-align: baseline; list-style-type: square;\"><strong style=\"margin: 0px; padding: 0px; border: 0px; outline: 0px; font-style: inherit; font-variant: inherit; font-stretch: inherit; font-size: inherit; line-height: inherit; font-family: inherit; vertical-align: baseline;\">patrice demers<\/strong>, \u2018everyday we\u2019re trying to push our limits\u2019<\/li>\n<li style=\"margin: 0px 0px 12px 15px; padding: 0px; border: 0px; outline: 0px; font-style: inherit; font-variant: inherit; font-weight: inherit; font-stretch: inherit; font-size: inherit; line-height: 18px; font-family: inherit; vertical-align: baseline; list-style-type: square;\"><strong style=\"margin: 0px; padding: 0px; border: 0px; outline: 0px; font-style: inherit; font-variant: inherit; font-stretch: inherit; font-size: inherit; line-height: inherit; font-family: inherit; vertical-align: baseline;\">darren purchese<\/strong>, an exclusive and extravagant dessert night<\/li>\n<li style=\"margin: 0px 0px 12px 15px; padding: 0px; border: 0px; outline: 0px; font-style: inherit; font-variant: inherit; font-weight: inherit; font-stretch: inherit; font-size: inherit; line-height: 18px; font-family: inherit; vertical-align: baseline; list-style-type: square;\"><strong style=\"margin: 0px; padding: 0px; border: 0px; outline: 0px; font-style: inherit; font-variant: inherit; font-stretch: inherit; font-size: inherit; line-height: inherit; font-family: inherit; vertical-align: baseline;\">leonardo di carlo<\/strong>, olive oil in doughs<\/li>\n<li style=\"margin: 0px 0px 12px 15px; padding: 0px; border: 0px; outline: 0px; font-style: inherit; font-variant: inherit; font-weight: inherit; font-stretch: inherit; font-size: inherit; line-height: 18px; font-family: inherit; vertical-align: baseline; list-style-type: square;\"><strong style=\"margin: 0px; padding: 0px; border: 0px; outline: 0px; font-style: inherit; font-variant: inherit; font-stretch: inherit; font-size: inherit; line-height: inherit; font-family: inherit; vertical-align: baseline;\">jordi bordas<\/strong>, strong, lightweight and calculated, p\u00e2tisserie B\u2022Concept<\/li>\n<li style=\"margin: 0px 0px 12px 15px; padding: 0px; border: 0px; outline: 0px; font-style: inherit; font-variant: inherit; font-weight: inherit; font-stretch: inherit; font-size: inherit; line-height: 18px; font-family: inherit; vertical-align: baseline; list-style-type: square;\"><strong style=\"margin: 0px; padding: 0px; border: 0px; outline: 0px; font-style: inherit; font-variant: inherit; font-stretch: inherit; font-size: inherit; line-height: inherit; font-family: inherit; vertical-align: baseline;\">yves scherrer<\/strong>, practical and emotional<\/li>\n<li style=\"margin: 0px 0px 12px 15px; padding: 0px; border: 0px; outline: 0px; font-style: inherit; font-variant: inherit; font-weight: inherit; font-stretch: inherit; font-size: inherit; line-height: 18px; font-family: inherit; vertical-align: baseline; list-style-type: square;\"><strong style=\"margin: 0px; padding: 0px; border: 0px; outline: 0px; font-style: inherit; font-variant: inherit; font-stretch: inherit; font-size: inherit; line-height: inherit; font-family: inherit; vertical-align: baseline;\">pierre fran\u00e7ois roelofs<\/strong>, patisserie out of a tube<\/li>\n<li style=\"margin: 0px 0px 12px 15px; padding: 0px; border: 0px; outline: 0px; font-style: inherit; font-variant: inherit; font-weight: inherit; font-stretch: inherit; font-size: inherit; line-height: 18px; font-family: inherit; vertical-align: baseline; list-style-type: square;\"><strong style=\"margin: 0px; padding: 0px; border: 0px; outline: 0px; font-style: inherit; font-variant: inherit; font-stretch: inherit; font-size: inherit; line-height: inherit; font-family: inherit; vertical-align: baseline;\">hiroyuki emori<\/strong>, nothing impossible with ice cream<\/li>\n<li style=\"margin: 0px 0px 12px 15px; padding: 0px; border: 0px; outline: 0px; font-style: inherit; font-variant: inherit; font-weight: inherit; font-stretch: inherit; font-size: inherit; line-height: 18px; font-family: inherit; vertical-align: baseline; list-style-type: square;\"><strong style=\"margin: 0px; padding: 0px; border: 0px; outline: 0px; font-style: inherit; font-variant: inherit; font-stretch: inherit; font-size: inherit; line-height: inherit; font-family: inherit; vertical-align: baseline;\">antony prunet<\/strong>, play it sweet<\/li>\n<li style=\"margin: 0px 0px 12px 15px; padding: 0px; border: 0px; outline: 0px; font-style: inherit; font-variant: inherit; font-weight: inherit; font-stretch: inherit; font-size: inherit; line-height: 18px; font-family: inherit; vertical-align: baseline; list-style-type: square;\"><strong style=\"margin: 0px; padding: 0px; border: 0px; outline: 0px; font-style: inherit; font-variant: inherit; font-stretch: inherit; font-size: inherit; line-height: inherit; font-family: inherit; vertical-align: baseline;\">pascal caffet<\/strong>, worshipping taste<\/li>\n<li style=\"margin: 0px 0px 12px 15px; padding: 0px; border: 0px; outline: 0px; font-style: inherit; font-variant: inherit; font-weight: inherit; font-stretch: inherit; font-size: inherit; line-height: 18px; font-family: inherit; vertical-align: baseline; list-style-type: square;\"><strong style=\"margin: 0px; padding: 0px; border: 0px; outline: 0px; font-style: inherit; font-variant: inherit; font-stretch: inherit; font-size: inherit; line-height: inherit; font-family: inherit; vertical-align: baseline;\">motohiro inaba &amp; rio asano<\/strong>, chicks take wagashi to the world<\/li>\n<li style=\"margin: 0px 0px 12px 15px; padding: 0px; border: 0px; outline: 0px; font-style: inherit; font-variant: inherit; font-weight: inherit; font-stretch: inherit; font-size: inherit; line-height: 18px; font-family: inherit; vertical-align: baseline; list-style-type: square;\"><strong style=\"margin: 0px; padding: 0px; border: 0px; outline: 0px; font-style: inherit; font-variant: inherit; font-stretch: inherit; font-size: inherit; line-height: inherit; font-family: inherit; vertical-align: baseline;\">daniel texter<\/strong>, adaptation instinct<\/li>\n<li style=\"margin: 0px 0px 12px 15px; padding: 0px; border: 0px; outline: 0px; font-style: inherit; font-variant: inherit; font-weight: inherit; font-stretch: inherit; font-size: inherit; line-height: 18px; font-family: inherit; vertical-align: baseline; list-style-type: square;\"><strong style=\"margin: 0px; padding: 0px; border: 0px; outline: 0px; font-style: inherit; font-variant: inherit; font-stretch: inherit; font-size: inherit; line-height: inherit; font-family: inherit; vertical-align: baseline;\">ernst knam<\/strong>, becoming bored is impossible<\/li>\n<li style=\"margin: 0px 0px 12px 15px; padding: 0px; border: 0px; outline: 0px; font-style: inherit; font-variant: inherit; font-weight: inherit; font-stretch: inherit; font-size: inherit; line-height: 18px; font-family: inherit; vertical-align: baseline; list-style-type: square;\"><strong style=\"margin: 0px; padding: 0px; border: 0px; outline: 0px; font-style: inherit; font-variant: inherit; font-stretch: inherit; font-size: inherit; line-height: inherit; font-family: inherit; vertical-align: baseline;\">enric rovira<\/strong>, 20 years reinventing chocolate<\/li>\n<li style=\"margin: 0px 0px 12px 15px; padding: 0px; border: 0px; outline: 0px; font-style: inherit; font-variant: inherit; font-weight: inherit; font-stretch: inherit; font-size: inherit; line-height: 18px; font-family: inherit; vertical-align: baseline; list-style-type: square;\"><strong style=\"margin: 0px; padding: 0px; border: 0px; outline: 0px; font-style: inherit; font-variant: inherit; font-stretch: inherit; font-size: inherit; line-height: inherit; font-family: inherit; vertical-align: baseline;\">ramon morat\u00f3<\/strong>, sensorial bonbons<\/li>\n<li style=\"margin: 0px 0px 12px 15px; padding: 0px; border: 0px; outline: 0px; font-style: inherit; font-variant: inherit; font-weight: inherit; font-stretch: inherit; font-size: inherit; line-height: 18px; font-family: inherit; vertical-align: baseline; list-style-type: square;\"><strong style=\"margin: 0px; padding: 0px; border: 0px; outline: 0px; font-style: inherit; font-variant: inherit; font-stretch: inherit; font-size: inherit; line-height: inherit; font-family: inherit; vertical-align: baseline;\">oriol balaguer<\/strong>, caught between rigor and creative freedom<\/li>\n<li style=\"margin: 0px 0px 12px 15px; padding: 0px; border: 0px; outline: 0px; font-style: inherit; font-variant: inherit; font-weight: inherit; font-stretch: inherit; font-size: inherit; line-height: 18px; font-family: inherit; vertical-align: baseline; list-style-type: square;\"><strong style=\"margin: 0px; padding: 0px; border: 0px; outline: 0px; font-style: inherit; font-variant: inherit; font-stretch: inherit; font-size: inherit; line-height: inherit; font-family: inherit; vertical-align: baseline;\">ra\u00fal bernal<\/strong>, where is the corn?<\/li>\n<li style=\"margin: 0px 0px 12px 15px; padding: 0px; border: 0px; outline: 0px; font-style: inherit; font-variant: inherit; font-weight: inherit; font-stretch: inherit; font-size: inherit; line-height: 18px; font-family: inherit; vertical-align: baseline; list-style-type: square;\"><strong style=\"margin: 0px; padding: 0px; border: 0px; outline: 0px; font-style: inherit; font-variant: inherit; font-stretch: inherit; font-size: inherit; line-height: inherit; font-family: inherit; vertical-align: baseline;\">olivier fern\u00e1ndez and saray ruiz<\/strong>, the haunted forest<\/li>\n<li style=\"margin: 0px 0px 12px 15px; padding: 0px; border: 0px; outline: 0px; font-style: inherit; font-variant: inherit; font-weight: inherit; font-stretch: inherit; font-size: inherit; line-height: 18px; font-family: inherit; vertical-align: baseline; list-style-type: square;\"><strong style=\"margin: 0px; padding: 0px; border: 0px; outline: 0px; font-style: inherit; font-variant: inherit; font-stretch: inherit; font-size: inherit; line-height: inherit; font-family: inherit; vertical-align: baseline;\">josep maria rib\u00e9<\/strong>, inside and outside<\/li>\n<li style=\"margin: 0px 0px 12px 15px; padding: 0px; border: 0px; outline: 0px; font-style: inherit; font-variant: inherit; font-weight: inherit; font-stretch: inherit; font-size: inherit; line-height: 18px; font-family: inherit; vertical-align: baseline; list-style-type: square;\"><strong style=\"margin: 0px; padding: 0px; border: 0px; outline: 0px; font-style: inherit; font-variant: inherit; font-stretch: inherit; font-size: inherit; line-height: inherit; font-family: inherit; vertical-align: baseline;\">carles mampel<\/strong>, constant metamorphosis<\/li>\n<li style=\"margin: 0px 0px 12px 15px; padding: 0px; border: 0px; outline: 0px; font-style: inherit; font-variant: inherit; font-weight: inherit; font-stretch: inherit; font-size: inherit; line-height: 18px; font-family: inherit; vertical-align: baseline; list-style-type: square;\"><strong style=\"margin: 0px; padding: 0px; border: 0px; outline: 0px; font-style: inherit; font-variant: inherit; font-stretch: inherit; font-size: inherit; line-height: inherit; font-family: inherit; vertical-align: baseline;\">miquel guarro<\/strong>, squeezing out creativity<\/li>\n<li style=\"margin: 0px 0px 12px 15px; padding: 0px; border: 0px; outline: 0px; font-style: inherit; font-variant: inherit; font-weight: inherit; font-stretch: inherit; font-size: inherit; line-height: 18px; font-family: inherit; vertical-align: baseline; list-style-type: square;\"><strong style=\"margin: 0px; padding: 0px; border: 0px; outline: 0px; font-style: inherit; font-variant: inherit; font-stretch: inherit; font-size: inherit; line-height: inherit; font-family: inherit; vertical-align: baseline;\">tidbits<\/strong><\/li>\n<li style=\"margin: 0px 0px 12px 15px; padding: 0px; border: 0px; outline: 0px; font-style: inherit; font-variant: inherit; font-weight: inherit; font-stretch: inherit; font-size: inherit; line-height: 18px; font-family: inherit; vertical-align: baseline; list-style-type: square;\"><strong style=\"margin: 0px; padding: 0px; border: 0px; outline: 0px; font-style: inherit; font-variant: inherit; font-stretch: inherit; font-size: inherit; line-height: inherit; font-family: inherit; vertical-align: baseline;\">scott green<\/strong>, the life of a contestant of high-level competitions<\/li>\n<li style=\"margin: 0px 0px 12px 15px; padding: 0px; border: 0px; outline: 0px; font-style: inherit; font-variant: inherit; font-weight: inherit; font-stretch: inherit; font-size: inherit; line-height: 18px; font-family: inherit; vertical-align: baseline; list-style-type: square;\"><strong style=\"margin: 0px; padding: 0px; border: 0px; outline: 0px; font-style: inherit; font-variant: inherit; font-stretch: inherit; font-size: inherit; line-height: inherit; font-family: inherit; vertical-align: baseline;\">j\u00fcrgen koens<\/strong>, pastryclub, a future multi-space<\/li>\n<li style=\"margin: 0px 0px 12px 15px; padding: 0px; border: 0px; outline: 0px; font-style: inherit; font-variant: inherit; font-weight: inherit; font-stretch: inherit; font-size: inherit; line-height: 18px; font-family: inherit; vertical-align: baseline; list-style-type: square;\"><strong style=\"margin: 0px; padding: 0px; border: 0px; outline: 0px; font-style: inherit; font-variant: inherit; font-stretch: inherit; font-size: inherit; line-height: inherit; font-family: inherit; vertical-align: baseline;\">the french pastry school<\/strong>&nbsp;reaches its 20th anniversary<\/li>\n<\/ul>\n","protected":false},"excerpt":{"rendered":"<p>Number of pages: 306&nbsp; Measures: 230 x 297 cm&nbsp; Language: English&nbsp; &nbsp; Summary christophe adam, the wildest flashes jerome landrieu, hard work as the best strategy patrice demers, \u2018everyday we\u2019re [&hellip;]<\/p>\n","protected":false},"featured_media":11419,"template":"","meta":{"_tec_requires_first_save":true,"disable-jtr":false,"om_disable_all_campaigns":false,"_monsterinsights_skip_tracking":false,"_monsterinsights_sitenote_active":false,"_monsterinsights_sitenote_note":"","_monsterinsights_sitenote_category":0,"_uf_show_specific_survey":0,"_uf_disable_surveys":false,"_EventAllDay":false,"_EventTimezone":"","_EventStartDate":"","_EventEndDate":"","_EventStartDateUTC":"","_EventEndDateUTC":"","_EventShowMap":false,"_EventShowMapLink":false,"_EventURL":"","_EventCost":"","_EventCostDescription":"","_EventCurrencySymbol":"","_EventCurrencyCode":"","_EventCurrencyPosition":"","_EventDateTimeSeparator":"","_EventTimeRangeSeparator":"","_EventOrganizerID":[],"_EventVenueID":[],"_OrganizerEmail":"","_OrganizerPhone":"","_OrganizerWebsite":"","_VenueAddress":"","_VenueCity":"","_VenueCountry":"","_VenueProvince":"","_VenueState":"","_VenueZip":"","_VenuePhone":"","_VenueURL":"","_VenueStateProvince":"","_VenueLat":"","_VenueLng":"","_VenueShowMap":false,"_VenueShowMapLink":false,"_tribe_blocks_recurrence_rules":"","_tribe_blocks_recurrence_description":"","_tribe_blocks_recurrence_exclusions":""},"product_brand":[],"product_cat":[113],"product_tag":[],"class_list":{"0":"post-11418","1":"product","2":"type-product","3":"status-publish","4":"has-post-thumbnail","6":"product_cat-so-good-magazines","8":"first","9":"instock","10":"purchasable","11":"product-type-simple"},"aioseo_notices":[],"jetpack-related-posts":[{"id":11432,"url":"https:\/\/www.martinchiffers.com\/art\/product\/so-good-20\/","url_meta":{"origin":11418,"position":0},"title":"so good.. #20","author":"Martin Chiffers","date":"April 22, 2021","format":false,"excerpt":"Number of pages: 304\u00a0Measures: 230 x 297 cm\u00a0Language: English\u00a0\u00a0so good.. #20\u00a0Summary\u00a0Enigma,\u00a0The jewel of Albert Adri\u00e0Dinara Kasko, Look and seePhilippe Vancayseele,\u00a0Possibilist creativityGianluca Fusto,\u00a0All to 3Andr\u00e9s Lara,\u00a0A creative exercise around ice creamMelissa Coppel,\u00a0Details that countOriol Castro,\u00a0Eduard Xatruch & Mateu Casa\u00f1as, The OC\u2019OO waysPatrice Demers,\u00a0\u00c0 la minuteJosep Maria Rib\u00e9,\u00a0Object of desireRafa Delgado,\u00a0Without loose\u2026","rel":"","context":"Similar post","block_context":{"text":"Similar post","link":""},"img":{"alt_text":"","src":"","width":0,"height":0},"classes":[]},{"id":11426,"url":"https:\/\/www.martinchiffers.com\/art\/product\/so-good-17\/","url_meta":{"origin":11418,"position":1},"title":"so good.. #17","author":"Martin Chiffers","date":"April 22, 2021","format":false,"excerpt":"Number of pages: 304\u00a0Measures: 230 x 297 cm\u00a0Language: English\u00a0\u00a0so good.. #17\u00a0Summary\u00a0Guillaume Mabilleau,\u00a0The elegance of new French vanguardPierre Marcolini,\u00a0When inspiration comes from a cocoa beanWilliam Werner,\u00a0A Pastry Chef for all SeasonsC\u00e9dric Grolet,\u00a0Essential in taste, virtuoso in finishesRasmus Kofoed, S\u00f8ren Selin, Jonathan Kj\u00f8lhede Berntsen,\u00a0Northern tidesRafael Delgado,\u00a0Cooking dessertsPaco & Jacob Torreblanca,\u00a0Insights 2017Gregory Doyen,\u00a0Sweet\u2026","rel":"","context":"Similar post","block_context":{"text":"Similar post","link":""},"img":{"alt_text":"so good.. #17","src":"https:\/\/i0.wp.com\/www.martinchiffers.com\/art\/wp-content\/uploads\/2021\/04\/products-17.jpg?fit=480%2C480&ssl=1&resize=350%2C200","width":350,"height":200},"classes":[]},{"id":11422,"url":"https:\/\/www.martinchiffers.com\/art\/product\/so-good-15\/","url_meta":{"origin":11418,"position":2},"title":"so good.. #15","author":"Martin Chiffers","date":"April 22, 2021","format":false,"excerpt":"Number of pages: 304\u00a0Measures: 230 x 297 cm\u00a0Language: English\u00a0\u00a0Summary\u00a0miquel guarro, painting flavorsdisfrutar, three-way creativityaya fukai, living the sweet lifejulien \u00e1lvarez, the unrelenting weight of elegancekirsten tibballs, good vibes 90josep maria rodr\u00edguez, interior designsamantha mendoza, personal and delicateluciano garc\u00eda, between two worldsgraham hornigold, \u2018our job is to refresh the palette and\u2026","rel":"","context":"Similar post","block_context":{"text":"Similar post","link":""},"img":{"alt_text":"","src":"","width":0,"height":0},"classes":[]},{"id":11430,"url":"https:\/\/www.martinchiffers.com\/art\/product\/so-good-18\/","url_meta":{"origin":11418,"position":3},"title":"so good.. #18","author":"","date":"April 22, 2021","format":false,"excerpt":"Number of pages: 304\u00a0Measures: 230 x 297 cm\u00a0Language: English\u00a0\u00a0so good.. #18\u00a0Summary\u00a0Dinara Kasko, Simply amazingLauren v. Hass, A critical approachLior Shtaygman, A close lookFr\u00e9d\u00e9ric Bau,\u00a0Imagining the futureC\u00e9dric Grolet, Lemon, apple, hazelnut, and almondOriol Castro, Eduard Xatruch &\u00a0Mateu Casa\u00f1as, New techniques without bordersChristophe Roesems, Defending a characterDavid Gil, Ice cream beyond itselfLeonardo\u2026","rel":"","context":"Similar post","block_context":{"text":"Similar post","link":""},"img":{"alt_text":"so good.. #18","src":"https:\/\/i0.wp.com\/www.martinchiffers.com\/art\/wp-content\/uploads\/2021\/04\/products-so-good-no-18-a.jpg?fit=800%2C800&ssl=1&resize=350%2C200","width":350,"height":200,"srcset":"https:\/\/i0.wp.com\/www.martinchiffers.com\/art\/wp-content\/uploads\/2021\/04\/products-so-good-no-18-a.jpg?fit=800%2C800&ssl=1&resize=350%2C200 1x, https:\/\/i0.wp.com\/www.martinchiffers.com\/art\/wp-content\/uploads\/2021\/04\/products-so-good-no-18-a.jpg?fit=800%2C800&ssl=1&resize=525%2C300 1.5x, https:\/\/i0.wp.com\/www.martinchiffers.com\/art\/wp-content\/uploads\/2021\/04\/products-so-good-no-18-a.jpg?fit=800%2C800&ssl=1&resize=700%2C400 2x"},"classes":[]},{"id":11424,"url":"https:\/\/www.martinchiffers.com\/art\/product\/so-good-16\/","url_meta":{"origin":11418,"position":4},"title":"so good.. #16","author":"Martin Chiffers","date":"April 22, 2021","format":false,"excerpt":"Number of pages: 304\u00a0 Measures: 230 x 297 cm\u00a0 Language: English\u00a0 \u00a0So-good 16\u00a0 Summary\u00a0 frank haasnoot, \u2018I always try to use the inspiration to twist it\u2019 emmanuele forcone, the golden pen dinara kasko, when geometry is beautiful andoni luis aduriz, surprising developments francisco migoya, an explorer\u2019s curiosity nick muncy, artistic\u2026","rel":"","context":"Similar post","block_context":{"text":"Similar post","link":""},"img":{"alt_text":"so good.. #16","src":"https:\/\/i0.wp.com\/www.martinchiffers.com\/art\/wp-content\/uploads\/2021\/04\/products-3-16.jpg?fit=480%2C480&ssl=1&resize=350%2C200","width":350,"height":200},"classes":[]},{"id":11428,"url":"https:\/\/www.martinchiffers.com\/art\/product\/so-good-19\/","url_meta":{"origin":11418,"position":5},"title":"so good.. #19","author":"","date":"April 22, 2021","format":false,"excerpt":"Number of pages: 304\u00a0Measures: 230 x 297 cm\u00a0Language: English\u00a0so good.. #19\u00a0Summary\u00a0Yann brys, Creative yes, but above all, gourmandChristophe Adam, Conquering the worldAlex Stupak, Pastry was just the beginningEnric Monzonis, Soup-sauces, ice creams, and fermentations\u2026 Cuisine sneaks into pastryRuss Thayer, Searching for the boundaries of chocolateScott Green, Declaration of principlesJordi Bordas,\u2026","rel":"","context":"Similar post","block_context":{"text":"Similar post","link":""},"img":{"alt_text":"so good.. #19","src":"https:\/\/i0.wp.com\/www.martinchiffers.com\/art\/wp-content\/uploads\/2021\/04\/products-so-good-no-19.jpg?fit=620%2C620&ssl=1&resize=350%2C200","width":350,"height":200,"srcset":"https:\/\/i0.wp.com\/www.martinchiffers.com\/art\/wp-content\/uploads\/2021\/04\/products-so-good-no-19.jpg?fit=620%2C620&ssl=1&resize=350%2C200 1x, https:\/\/i0.wp.com\/www.martinchiffers.com\/art\/wp-content\/uploads\/2021\/04\/products-so-good-no-19.jpg?fit=620%2C620&ssl=1&resize=525%2C300 1.5x"},"classes":[]}],"jetpack_sharing_enabled":true,"_links":{"self":[{"href":"https:\/\/www.martinchiffers.com\/art\/wp-json\/wp\/v2\/product\/11418","targetHints":{"allow":["GET"]}}],"collection":[{"href":"https:\/\/www.martinchiffers.com\/art\/wp-json\/wp\/v2\/product"}],"about":[{"href":"https:\/\/www.martinchiffers.com\/art\/wp-json\/wp\/v2\/types\/product"}],"wp:featuredmedia":[{"embeddable":true,"href":"https:\/\/www.martinchiffers.com\/art\/wp-json\/wp\/v2\/media\/11419"}],"wp:attachment":[{"href":"https:\/\/www.martinchiffers.com\/art\/wp-json\/wp\/v2\/media?parent=11418"}],"wp:term":[{"taxonomy":"product_brand","embeddable":true,"href":"https:\/\/www.martinchiffers.com\/art\/wp-json\/wp\/v2\/product_brand?post=11418"},{"taxonomy":"product_cat","embeddable":true,"href":"https:\/\/www.martinchiffers.com\/art\/wp-json\/wp\/v2\/product_cat?post=11418"},{"taxonomy":"product_tag","embeddable":true,"href":"https:\/\/www.martinchiffers.com\/art\/wp-json\/wp\/v2\/product_tag?post=11418"}],"curies":[{"name":"wp","href":"https:\/\/api.w.org\/{rel}","templated":true}]}}