{"id":11430,"date":"2021-04-22T09:30:03","date_gmt":"2021-04-22T09:30:03","guid":{"rendered":"https:\/\/www.martinchiffers.com\/art\/?post_type=product&#038;p=11430"},"modified":"2024-11-30T15:54:15","modified_gmt":"2024-11-30T15:54:15","slug":"so-good-18","status":"publish","type":"product","link":"https:\/\/www.martinchiffers.com\/art\/product\/so-good-18\/","title":{"rendered":"so good.. #18"},"content":{"rendered":"<p><iframe loading=\"lazy\" title=\"vimeo-player\" src=\"https:\/\/player.vimeo.com\/video\/224288745\" width=\"640\" height=\"360\" frameborder=\"0\" allowfullscreen=\"\"><\/iframe>\n<\/p>\n<p style=\"margin-bottom: 10px; padding: 0px; border: 0px; outline: 0px; font-variant-numeric: inherit; font-variant-east-asian: inherit; font-stretch: inherit; font-size: 12px; line-height: 18px; font-family: &quot;Droid Sans&quot;, arial, sans-serif; vertical-align: baseline; color: rgb(85, 85, 85);\">Number of pages: 304&nbsp;<\/p>\n<p style=\"margin-bottom: 10px; padding: 0px; border: 0px; outline: 0px; font-variant-numeric: inherit; font-variant-east-asian: inherit; font-stretch: inherit; font-size: 12px; line-height: 18px; font-family: &quot;Droid Sans&quot;, arial, sans-serif; vertical-align: baseline; color: rgb(85, 85, 85);\">Measures: 230 x 297 cm&nbsp;<\/p>\n<p style=\"margin-bottom: 10px; padding: 0px; border: 0px; outline: 0px; font-variant-numeric: inherit; font-variant-east-asian: inherit; font-stretch: inherit; font-size: 12px; line-height: 18px; font-family: &quot;Droid Sans&quot;, arial, sans-serif; vertical-align: baseline; color: rgb(85, 85, 85);\">Language: English&nbsp;<\/p>\n<p style=\"margin-bottom: 10px; padding: 0px; border: 0px; outline: 0px; font-variant-numeric: inherit; font-variant-east-asian: inherit; font-stretch: inherit; font-size: 12px; line-height: 18px; font-family: &quot;Droid Sans&quot;, arial, sans-serif; vertical-align: baseline; color: rgb(85, 85, 85);\">&nbsp;so good.. #18&nbsp;<\/p>\n<h4 style=\"margin-right: 0px; margin-bottom: 18px; margin-left: 0px; padding: 0px; border: 0px; outline: 0px; font-variant-numeric: inherit; font-variant-east-asian: inherit; font-stretch: inherit; font-size: 20px; line-height: 24px; font-family: Bitter, arial, sans-serif; vertical-align: baseline; transition: all 0.3s ease 0s; color: rgb(17, 17, 17);\">Summary&nbsp;<\/h4>\n<ul style=\"margin-right: 0px; margin-bottom: 20px; margin-left: 0px; padding: 0px; border: 0px; outline: 0px; font-variant-numeric: inherit; font-variant-east-asian: inherit; font-stretch: inherit; font-size: 12px; line-height: 18px; font-family: &quot;Droid Sans&quot;, arial, sans-serif; vertical-align: baseline; list-style: outside none; color: rgb(85, 85, 85);\">\n<li style=\"margin: 0px 0px 12px 15px; padding: 0px; border: 0px; outline: 0px; font-style: inherit; font-variant: inherit; font-weight: inherit; font-stretch: inherit; font-size: inherit; line-height: 18px; font-family: inherit; vertical-align: baseline; list-style-type: square;\"><strong style=\"margin: 0px; padding: 0px; border: 0px; outline: 0px; font-style: inherit; font-variant: inherit; font-stretch: inherit; font-size: inherit; line-height: inherit; font-family: inherit; vertical-align: baseline;\">Dinara Kasko<\/strong>, Simply amazing<\/li>\n<li style=\"margin: 0px 0px 12px 15px; padding: 0px; border: 0px; outline: 0px; font-style: inherit; font-variant: inherit; font-weight: inherit; font-stretch: inherit; font-size: inherit; line-height: 18px; font-family: inherit; vertical-align: baseline; list-style-type: square;\"><strong style=\"margin: 0px; padding: 0px; border: 0px; outline: 0px; font-style: inherit; font-variant: inherit; font-stretch: inherit; font-size: inherit; line-height: inherit; font-family: inherit; vertical-align: baseline;\">Lauren v. Hass<\/strong>, A critical approach<\/li>\n<li style=\"margin: 0px 0px 12px 15px; padding: 0px; border: 0px; outline: 0px; font-style: inherit; font-variant: inherit; font-weight: inherit; font-stretch: inherit; font-size: inherit; line-height: 18px; font-family: inherit; vertical-align: baseline; list-style-type: square;\"><strong style=\"margin: 0px; padding: 0px; border: 0px; outline: 0px; font-style: inherit; font-variant: inherit; font-stretch: inherit; font-size: inherit; line-height: inherit; font-family: inherit; vertical-align: baseline;\">Lior Shtaygman<\/strong>, A close look<\/li>\n<li style=\"margin: 0px 0px 12px 15px; padding: 0px; border: 0px; outline: 0px; font-style: inherit; font-variant: inherit; font-weight: inherit; font-stretch: inherit; font-size: inherit; line-height: 18px; font-family: inherit; vertical-align: baseline; list-style-type: square;\"><strong style=\"margin: 0px; padding: 0px; border: 0px; outline: 0px; font-style: inherit; font-variant: inherit; font-stretch: inherit; font-size: inherit; line-height: inherit; font-family: inherit; vertical-align: baseline;\">Fr\u00e9d\u00e9ric Bau,<\/strong>&nbsp;Imagining the future<\/li>\n<li style=\"margin: 0px 0px 12px 15px; padding: 0px; border: 0px; outline: 0px; font-style: inherit; font-variant: inherit; font-weight: inherit; font-stretch: inherit; font-size: inherit; line-height: 18px; font-family: inherit; vertical-align: baseline; list-style-type: square;\"><strong style=\"margin: 0px; padding: 0px; border: 0px; outline: 0px; font-style: inherit; font-variant: inherit; font-stretch: inherit; font-size: inherit; line-height: inherit; font-family: inherit; vertical-align: baseline;\">C\u00e9dric Grolet<\/strong>, Lemon, apple, hazelnut, and almond<\/li>\n<li style=\"margin: 0px 0px 12px 15px; padding: 0px; border: 0px; outline: 0px; font-style: inherit; font-variant: inherit; font-weight: inherit; font-stretch: inherit; font-size: inherit; line-height: 18px; font-family: inherit; vertical-align: baseline; list-style-type: square;\"><strong style=\"margin: 0px; padding: 0px; border: 0px; outline: 0px; font-style: inherit; font-variant: inherit; font-stretch: inherit; font-size: inherit; line-height: inherit; font-family: inherit; vertical-align: baseline;\">Oriol Castro, Eduard Xatruch &amp;&nbsp;Mateu Casa\u00f1as<\/strong>, New techniques without borders<\/li>\n<li style=\"margin: 0px 0px 12px 15px; padding: 0px; border: 0px; outline: 0px; font-style: inherit; font-variant: inherit; font-weight: inherit; font-stretch: inherit; font-size: inherit; line-height: 18px; font-family: inherit; vertical-align: baseline; list-style-type: square;\"><strong style=\"margin: 0px; padding: 0px; border: 0px; outline: 0px; font-style: inherit; font-variant: inherit; font-stretch: inherit; font-size: inherit; line-height: inherit; font-family: inherit; vertical-align: baseline;\">Christophe Roesems<\/strong>, Defending a character<\/li>\n<li style=\"margin: 0px 0px 12px 15px; padding: 0px; border: 0px; outline: 0px; font-style: inherit; font-variant: inherit; font-weight: inherit; font-stretch: inherit; font-size: inherit; line-height: 18px; font-family: inherit; vertical-align: baseline; list-style-type: square;\"><strong style=\"margin: 0px; padding: 0px; border: 0px; outline: 0px; font-style: inherit; font-variant: inherit; font-stretch: inherit; font-size: inherit; line-height: inherit; font-family: inherit; vertical-align: baseline;\">David Gil<\/strong>, Ice cream beyond itself<\/li>\n<li style=\"margin: 0px 0px 12px 15px; padding: 0px; border: 0px; outline: 0px; font-style: inherit; font-variant: inherit; font-weight: inherit; font-stretch: inherit; font-size: inherit; line-height: 18px; font-family: inherit; vertical-align: baseline; list-style-type: square;\"><strong style=\"margin: 0px; padding: 0px; border: 0px; outline: 0px; font-style: inherit; font-variant: inherit; font-stretch: inherit; font-size: inherit; line-height: inherit; font-family: inherit; vertical-align: baseline;\">Leonardo di Carlo<\/strong>, In full maturity<\/li>\n<li style=\"margin: 0px 0px 12px 15px; padding: 0px; border: 0px; outline: 0px; font-style: inherit; font-variant: inherit; font-weight: inherit; font-stretch: inherit; font-size: inherit; line-height: 18px; font-family: inherit; vertical-align: baseline; list-style-type: square;\"><strong style=\"margin: 0px; padding: 0px; border: 0px; outline: 0px; font-style: inherit; font-variant: inherit; font-stretch: inherit; font-size: inherit; line-height: inherit; font-family: inherit; vertical-align: baseline;\">Gabriele Riva<\/strong>, Mochi Gelato: When Japan and Italy met in a dessert<\/li>\n<li style=\"margin: 0px 0px 12px 15px; padding: 0px; border: 0px; outline: 0px; font-style: inherit; font-variant: inherit; font-weight: inherit; font-stretch: inherit; font-size: inherit; line-height: 18px; font-family: inherit; vertical-align: baseline; list-style-type: square;\"><strong style=\"margin: 0px; padding: 0px; border: 0px; outline: 0px; font-style: inherit; font-variant: inherit; font-stretch: inherit; font-size: inherit; line-height: inherit; font-family: inherit; vertical-align: baseline;\">Andr\u00e9s Mor\u00e1n<\/strong>, Healthy yet good<\/li>\n<li style=\"margin: 0px 0px 12px 15px; padding: 0px; border: 0px; outline: 0px; font-style: inherit; font-variant: inherit; font-weight: inherit; font-stretch: inherit; font-size: inherit; line-height: 18px; font-family: inherit; vertical-align: baseline; list-style-type: square;\"><strong style=\"margin: 0px; padding: 0px; border: 0px; outline: 0px; font-style: inherit; font-variant: inherit; font-stretch: inherit; font-size: inherit; line-height: inherit; font-family: inherit; vertical-align: baseline;\">Jordi Puigvert<\/strong>, The multiple paths of technique<\/li>\n<li style=\"margin: 0px 0px 12px 15px; padding: 0px; border: 0px; outline: 0px; font-style: inherit; font-variant: inherit; font-weight: inherit; font-stretch: inherit; font-size: inherit; line-height: 18px; font-family: inherit; vertical-align: baseline; list-style-type: square;\"><strong style=\"margin: 0px; padding: 0px; border: 0px; outline: 0px; font-style: inherit; font-variant: inherit; font-stretch: inherit; font-size: inherit; line-height: inherit; font-family: inherit; vertical-align: baseline;\">John Shields &amp; Karen Urie Shields<\/strong>, It Takes Two<\/li>\n<li style=\"margin: 0px 0px 12px 15px; padding: 0px; border: 0px; outline: 0px; font-style: inherit; font-variant: inherit; font-weight: inherit; font-stretch: inherit; font-size: inherit; line-height: 18px; font-family: inherit; vertical-align: baseline; list-style-type: square;\"><strong style=\"margin: 0px; padding: 0px; border: 0px; outline: 0px; font-style: inherit; font-variant: inherit; font-stretch: inherit; font-size: inherit; line-height: inherit; font-family: inherit; vertical-align: baseline;\">Susanna Yoon<\/strong>, Stick with her<\/li>\n<li style=\"margin: 0px 0px 12px 15px; padding: 0px; border: 0px; outline: 0px; font-style: inherit; font-variant: inherit; font-weight: inherit; font-stretch: inherit; font-size: inherit; line-height: 18px; font-family: inherit; vertical-align: baseline; list-style-type: square;\"><strong style=\"margin: 0px; padding: 0px; border: 0px; outline: 0px; font-style: inherit; font-variant: inherit; font-stretch: inherit; font-size: inherit; line-height: inherit; font-family: inherit; vertical-align: baseline;\">Emmanuel Hamon<\/strong>, Appreciating p\u00e2tissier globalization<\/li>\n<li style=\"margin: 0px 0px 12px 15px; padding: 0px; border: 0px; outline: 0px; font-style: inherit; font-variant: inherit; font-weight: inherit; font-stretch: inherit; font-size: inherit; line-height: 18px; font-family: inherit; vertical-align: baseline; list-style-type: square;\"><strong style=\"margin: 0px; padding: 0px; border: 0px; outline: 0px; font-style: inherit; font-variant: inherit; font-stretch: inherit; font-size: inherit; line-height: inherit; font-family: inherit; vertical-align: baseline;\">Elena Krasnova<\/strong>, Paris is in my hands<\/li>\n<li style=\"margin: 0px 0px 12px 15px; padding: 0px; border: 0px; outline: 0px; font-style: inherit; font-variant: inherit; font-weight: inherit; font-stretch: inherit; font-size: inherit; line-height: 18px; font-family: inherit; vertical-align: baseline; list-style-type: square;\"><strong style=\"margin: 0px; padding: 0px; border: 0px; outline: 0px; font-style: inherit; font-variant: inherit; font-stretch: inherit; font-size: inherit; line-height: inherit; font-family: inherit; vertical-align: baseline;\">Antonio Bachour and Karina Rivera,<\/strong>&nbsp;New Bistro Spirit Plated Desserts<\/li>\n<li style=\"margin: 0px 0px 12px 15px; padding: 0px; border: 0px; outline: 0px; font-style: inherit; font-variant: inherit; font-weight: inherit; font-stretch: inherit; font-size: inherit; line-height: 18px; font-family: inherit; vertical-align: baseline; list-style-type: square;\"><strong style=\"margin: 0px; padding: 0px; border: 0px; outline: 0px; font-style: inherit; font-variant: inherit; font-stretch: inherit; font-size: inherit; line-height: inherit; font-family: inherit; vertical-align: baseline;\">Nobuhiro Koto,<\/strong>&nbsp;A plate of Karuizawa<\/li>\n<li style=\"margin: 0px 0px 12px 15px; padding: 0px; border: 0px; outline: 0px; font-style: inherit; font-variant: inherit; font-weight: inherit; font-stretch: inherit; font-size: inherit; line-height: 18px; font-family: inherit; vertical-align: baseline; list-style-type: square;\"><strong style=\"margin: 0px; padding: 0px; border: 0px; outline: 0px; font-style: inherit; font-variant: inherit; font-stretch: inherit; font-size: inherit; line-height: inherit; font-family: inherit; vertical-align: baseline;\">Franck Michel<\/strong>, Classic and contemporary<\/li>\n<li style=\"margin: 0px 0px 12px 15px; padding: 0px; border: 0px; outline: 0px; font-style: inherit; font-variant: inherit; font-weight: inherit; font-stretch: inherit; font-size: inherit; line-height: 18px; font-family: inherit; vertical-align: baseline; list-style-type: square;\"><strong style=\"margin: 0px; padding: 0px; border: 0px; outline: 0px; font-style: inherit; font-variant: inherit; font-stretch: inherit; font-size: inherit; line-height: inherit; font-family: inherit; vertical-align: baseline;\">Tidbits<\/strong><\/li>\n<li style=\"margin: 0px 0px 12px 15px; padding: 0px; border: 0px; outline: 0px; font-style: inherit; font-variant: inherit; font-weight: inherit; font-stretch: inherit; font-size: inherit; line-height: 18px; font-family: inherit; vertical-align: baseline; list-style-type: square;\"><strong style=\"margin: 0px; padding: 0px; border: 0px; outline: 0px; font-style: inherit; font-variant: inherit; font-stretch: inherit; font-size: inherit; line-height: inherit; font-family: inherit; vertical-align: baseline;\">Fredrik Borgskog<\/strong>, The architecture of nature<\/li>\n<li style=\"margin: 0px 0px 12px 15px; padding: 0px; border: 0px; outline: 0px; font-style: inherit; font-variant: inherit; font-weight: inherit; font-stretch: inherit; font-size: inherit; line-height: 18px; font-family: inherit; vertical-align: baseline; list-style-type: square;\"><strong style=\"margin: 0px; padding: 0px; border: 0px; outline: 0px; font-style: inherit; font-variant: inherit; font-stretch: inherit; font-size: inherit; line-height: inherit; font-family: inherit; vertical-align: baseline;\">Fabrizio Fiorani<\/strong>, The incalculable value of superfluous<\/li>\n<li style=\"margin: 0px 0px 12px 15px; padding: 0px; border: 0px; outline: 0px; font-style: inherit; font-variant: inherit; font-weight: inherit; font-stretch: inherit; font-size: inherit; line-height: 18px; font-family: inherit; vertical-align: baseline; list-style-type: square;\"><strong style=\"margin: 0px; padding: 0px; border: 0px; outline: 0px; font-style: inherit; font-variant: inherit; font-stretch: inherit; font-size: inherit; line-height: inherit; font-family: inherit; vertical-align: baseline;\">Vincent Attali<\/strong>, Mediterranean, technological, free<\/li>\n<li style=\"margin: 0px 0px 12px 15px; padding: 0px; border: 0px; outline: 0px; font-style: inherit; font-variant: inherit; font-weight: inherit; font-stretch: inherit; font-size: inherit; line-height: 18px; font-family: inherit; vertical-align: baseline; list-style-type: square;\"><strong style=\"margin: 0px; padding: 0px; border: 0px; outline: 0px; font-style: inherit; font-variant: inherit; font-stretch: inherit; font-size: inherit; line-height: inherit; font-family: inherit; vertical-align: baseline;\">Elaine young<\/strong>, Accompanying the Indian pastry awakening<\/li>\n<\/ul>\n","protected":false},"excerpt":{"rendered":"<p>Number of pages: 304&nbsp; Measures: 230 x 297 cm&nbsp; Language: English&nbsp; &nbsp;so good.. #18&nbsp; Summary&nbsp; Dinara Kasko, Simply amazing Lauren v. Hass, A critical approach Lior Shtaygman, A close look [&hellip;]<\/p>\n","protected":false},"featured_media":11431,"template":"","meta":{"_tec_requires_first_save":true,"disable-jtr":false,"om_disable_all_campaigns":false,"_monsterinsights_skip_tracking":false,"_monsterinsights_sitenote_active":false,"_monsterinsights_sitenote_note":"","_monsterinsights_sitenote_category":0,"_uf_show_specific_survey":0,"_uf_disable_surveys":false,"_EventAllDay":false,"_EventTimezone":"","_EventStartDate":"","_EventEndDate":"","_EventStartDateUTC":"","_EventEndDateUTC":"","_EventShowMap":false,"_EventShowMapLink":false,"_EventURL":"","_EventCost":"","_EventCostDescription":"","_EventCurrencySymbol":"","_EventCurrencyCode":"","_EventCurrencyPosition":"","_EventDateTimeSeparator":"","_EventTimeRangeSeparator":"","_EventOrganizerID":[],"_EventVenueID":[],"_OrganizerEmail":"","_OrganizerPhone":"","_OrganizerWebsite":"","_VenueAddress":"","_VenueCity":"","_VenueCountry":"","_VenueProvince":"","_VenueState":"","_VenueZip":"","_VenuePhone":"","_VenueURL":"","_VenueStateProvince":"","_VenueLat":"","_VenueLng":"","_VenueShowMap":false,"_VenueShowMapLink":false,"_tribe_blocks_recurrence_rules":"","_tribe_blocks_recurrence_description":"","_tribe_blocks_recurrence_exclusions":""},"product_brand":[],"product_cat":[113],"product_tag":[],"class_list":{"0":"post-11430","1":"product","2":"type-product","3":"status-publish","4":"has-post-thumbnail","6":"product_cat-so-good-magazines","8":"first","9":"onbackorder","10":"purchasable","11":"product-type-simple"},"aioseo_notices":[],"jetpack-related-posts":[{"id":11432,"url":"https:\/\/www.martinchiffers.com\/art\/product\/so-good-20\/","url_meta":{"origin":11430,"position":0},"title":"so good.. #20","author":"Martin Chiffers","date":"April 22, 2021","format":false,"excerpt":"Number of pages: 304\u00a0Measures: 230 x 297 cm\u00a0Language: English\u00a0\u00a0so good.. #20\u00a0Summary\u00a0Enigma,\u00a0The jewel of Albert Adri\u00e0Dinara Kasko, Look and seePhilippe Vancayseele,\u00a0Possibilist creativityGianluca Fusto,\u00a0All to 3Andr\u00e9s Lara,\u00a0A creative exercise around ice creamMelissa Coppel,\u00a0Details that countOriol Castro,\u00a0Eduard Xatruch & Mateu Casa\u00f1as, The OC\u2019OO waysPatrice Demers,\u00a0\u00c0 la minuteJosep Maria Rib\u00e9,\u00a0Object of desireRafa Delgado,\u00a0Without loose\u2026","rel":"","context":"Similar post","block_context":{"text":"Similar post","link":""},"img":{"alt_text":"","src":"","width":0,"height":0},"classes":[]},{"id":11426,"url":"https:\/\/www.martinchiffers.com\/art\/product\/so-good-17\/","url_meta":{"origin":11430,"position":1},"title":"so good.. #17","author":"Martin Chiffers","date":"April 22, 2021","format":false,"excerpt":"Number of pages: 304\u00a0Measures: 230 x 297 cm\u00a0Language: English\u00a0\u00a0so good.. #17\u00a0Summary\u00a0Guillaume Mabilleau,\u00a0The elegance of new French vanguardPierre Marcolini,\u00a0When inspiration comes from a cocoa beanWilliam Werner,\u00a0A Pastry Chef for all SeasonsC\u00e9dric Grolet,\u00a0Essential in taste, virtuoso in finishesRasmus Kofoed, S\u00f8ren Selin, Jonathan Kj\u00f8lhede Berntsen,\u00a0Northern tidesRafael Delgado,\u00a0Cooking dessertsPaco & Jacob Torreblanca,\u00a0Insights 2017Gregory Doyen,\u00a0Sweet\u2026","rel":"","context":"Similar post","block_context":{"text":"Similar post","link":""},"img":{"alt_text":"so good.. #17","src":"https:\/\/i0.wp.com\/www.martinchiffers.com\/art\/wp-content\/uploads\/2021\/04\/products-17.jpg?fit=480%2C480&ssl=1&resize=350%2C200","width":350,"height":200},"classes":[]},{"id":11422,"url":"https:\/\/www.martinchiffers.com\/art\/product\/so-good-15\/","url_meta":{"origin":11430,"position":2},"title":"so good.. #15","author":"Martin Chiffers","date":"April 22, 2021","format":false,"excerpt":"Number of pages: 304\u00a0Measures: 230 x 297 cm\u00a0Language: English\u00a0\u00a0Summary\u00a0miquel guarro, painting flavorsdisfrutar, three-way creativityaya fukai, living the sweet lifejulien \u00e1lvarez, the unrelenting weight of elegancekirsten tibballs, good vibes 90josep maria rodr\u00edguez, interior designsamantha mendoza, personal and delicateluciano garc\u00eda, between two worldsgraham hornigold, \u2018our job is to refresh the palette and\u2026","rel":"","context":"Similar post","block_context":{"text":"Similar post","link":""},"img":{"alt_text":"","src":"","width":0,"height":0},"classes":[]},{"id":11424,"url":"https:\/\/www.martinchiffers.com\/art\/product\/so-good-16\/","url_meta":{"origin":11430,"position":3},"title":"so good.. #16","author":"Martin Chiffers","date":"April 22, 2021","format":false,"excerpt":"Number of pages: 304\u00a0 Measures: 230 x 297 cm\u00a0 Language: English\u00a0 \u00a0So-good 16\u00a0 Summary\u00a0 frank haasnoot, \u2018I always try to use the inspiration to twist it\u2019 emmanuele forcone, the golden pen dinara kasko, when geometry is beautiful andoni luis aduriz, surprising developments francisco migoya, an explorer\u2019s curiosity nick muncy, artistic\u2026","rel":"","context":"Similar post","block_context":{"text":"Similar post","link":""},"img":{"alt_text":"so good.. #16","src":"https:\/\/i0.wp.com\/www.martinchiffers.com\/art\/wp-content\/uploads\/2021\/04\/products-3-16.jpg?fit=480%2C480&ssl=1&resize=350%2C200","width":350,"height":200},"classes":[]},{"id":11428,"url":"https:\/\/www.martinchiffers.com\/art\/product\/so-good-19\/","url_meta":{"origin":11430,"position":4},"title":"so good.. #19","author":"","date":"April 22, 2021","format":false,"excerpt":"Number of pages: 304\u00a0Measures: 230 x 297 cm\u00a0Language: English\u00a0so good.. #19\u00a0Summary\u00a0Yann brys, Creative yes, but above all, gourmandChristophe Adam, Conquering the worldAlex Stupak, Pastry was just the beginningEnric Monzonis, Soup-sauces, ice creams, and fermentations\u2026 Cuisine sneaks into pastryRuss Thayer, Searching for the boundaries of chocolateScott Green, Declaration of principlesJordi Bordas,\u2026","rel":"","context":"Similar post","block_context":{"text":"Similar post","link":""},"img":{"alt_text":"so good.. #19","src":"https:\/\/i0.wp.com\/www.martinchiffers.com\/art\/wp-content\/uploads\/2021\/04\/products-so-good-no-19.jpg?fit=620%2C620&ssl=1&resize=350%2C200","width":350,"height":200,"srcset":"https:\/\/i0.wp.com\/www.martinchiffers.com\/art\/wp-content\/uploads\/2021\/04\/products-so-good-no-19.jpg?fit=620%2C620&ssl=1&resize=350%2C200 1x, https:\/\/i0.wp.com\/www.martinchiffers.com\/art\/wp-content\/uploads\/2021\/04\/products-so-good-no-19.jpg?fit=620%2C620&ssl=1&resize=525%2C300 1.5x"},"classes":[]},{"id":11420,"url":"https:\/\/www.martinchiffers.com\/art\/product\/so-good-14\/","url_meta":{"origin":11430,"position":5},"title":"so good.. #14","author":"","date":"April 22, 2021","format":false,"excerpt":"So-good 14\u00a0Number of pages: 304\u00a0Measures: 230 x 297 cm\u00a0Language: English\u00a0\u00a0Summary\u00a0albert adri\u00e0, la dol\u00e7a, ticket\u2019s sweetest ringren\u00e9 frank, a pinch of madness and a high dose of good sensescott green, nice, balanced, possible\u2026 happyangelo musa, the thrice-crowned kinggustaf mabrouk & hans ovando, knocking borders downdamien piscioneri, bright, luxurious, refinedwilliam curley, classical\u2026","rel":"","context":"Similar post","block_context":{"text":"Similar post","link":""},"img":{"alt_text":"","src":"https:\/\/i0.wp.com\/www.martinchiffers.com\/art\/wp-content\/uploads\/2021\/04\/products-sogood14.jpg?fit=250%2C250&ssl=1&resize=350%2C200","width":350,"height":200},"classes":[]}],"jetpack_sharing_enabled":true,"_links":{"self":[{"href":"https:\/\/www.martinchiffers.com\/art\/wp-json\/wp\/v2\/product\/11430","targetHints":{"allow":["GET"]}}],"collection":[{"href":"https:\/\/www.martinchiffers.com\/art\/wp-json\/wp\/v2\/product"}],"about":[{"href":"https:\/\/www.martinchiffers.com\/art\/wp-json\/wp\/v2\/types\/product"}],"wp:featuredmedia":[{"embeddable":true,"href":"https:\/\/www.martinchiffers.com\/art\/wp-json\/wp\/v2\/media\/11431"}],"wp:attachment":[{"href":"https:\/\/www.martinchiffers.com\/art\/wp-json\/wp\/v2\/media?parent=11430"}],"wp:term":[{"taxonomy":"product_brand","embeddable":true,"href":"https:\/\/www.martinchiffers.com\/art\/wp-json\/wp\/v2\/product_brand?post=11430"},{"taxonomy":"product_cat","embeddable":true,"href":"https:\/\/www.martinchiffers.com\/art\/wp-json\/wp\/v2\/product_cat?post=11430"},{"taxonomy":"product_tag","embeddable":true,"href":"https:\/\/www.martinchiffers.com\/art\/wp-json\/wp\/v2\/product_tag?post=11430"}],"curies":[{"name":"wp","href":"https:\/\/api.w.org\/{rel}","templated":true}]}}