{"id":11438,"date":"2021-04-22T10:33:18","date_gmt":"2021-04-22T10:33:18","guid":{"rendered":"https:\/\/www.martinchiffers.com\/art\/?post_type=product&#038;p=11438"},"modified":"2021-04-22T23:44:40","modified_gmt":"2021-04-22T23:44:40","slug":"ramon-morato-chocolate","status":"publish","type":"product","link":"https:\/\/www.martinchiffers.com\/art\/product\/ramon-morato-chocolate\/","title":{"rendered":"Ramon- Morato-Chocolate"},"content":{"rendered":"<p style=\"margin-bottom: 10px; padding: 0px; border: 0px; outline: 0px; font-variant-numeric: inherit; font-variant-east-asian: inherit; font-stretch: inherit; font-size: 12px; line-height: 18px; font-family: &quot;Droid Sans&quot;, arial, sans-serif; vertical-align: baseline; color: rgb(85, 85, 85);\"><strong style=\"margin: 0px; padding: 0px; border: 0px; outline: 0px; font-style: inherit; font-variant: inherit; font-stretch: inherit; font-size: inherit; line-height: inherit; font-family: inherit; vertical-align: baseline;\"><\/strong><\/p>\n<h1 class=\"blogtitle entry-title\" itemprop=\"name\" style=\"margin-top: 18px; margin-bottom: 20px; padding: 0px; border: 0px; outline: 0px; font-variant-numeric: inherit; font-variant-east-asian: inherit; font-stretch: inherit; font-size: 35px; line-height: 40px; font-family: Bitter, arial, sans-serif; vertical-align: baseline; transition: all 0.3s ease 0s; color: rgb(17, 17, 17);\">Chocolate, by Ramon Morat\u00f3<\/h1>\n<p style=\"margin-bottom: 10px; padding: 0px; border: 0px; outline: 0px; font-variant-numeric: inherit; font-variant-east-asian: inherit; font-stretch: inherit; font-size: 12px; line-height: 18px; font-family: &quot;Droid Sans&quot;, arial, sans-serif; vertical-align: baseline; color: rgb(85, 85, 85);\"><strong style=\"margin: 0px; padding: 0px; border: 0px; outline: 0px; font-style: inherit; font-variant: inherit; font-stretch: inherit; font-size: inherit; line-height: inherit; font-family: inherit; vertical-align: baseline;\">4th EDITION<\/strong><\/p>\n<p style=\"margin-bottom: 10px; padding: 0px; border: 0px; outline: 0px; font-variant-numeric: inherit; font-variant-east-asian: inherit; font-stretch: inherit; font-size: 12px; line-height: 18px; font-family: &quot;Droid Sans&quot;, arial, sans-serif; vertical-align: baseline; color: rgb(85, 85, 85);\"><strong style=\"margin: 0px; padding: 0px; border: 0px; outline: 0px; font-style: inherit; font-variant: inherit; font-stretch: inherit; font-size: inherit; line-height: inherit; font-family: inherit; vertical-align: baseline;\">Languages:<\/strong>&nbsp;spanish \/ english<\/p>\n<p style=\"margin-bottom: 10px; padding: 0px; border: 0px; outline: 0px; font-variant-numeric: inherit; font-variant-east-asian: inherit; font-stretch: inherit; font-size: 12px; line-height: 18px; font-family: &quot;Droid Sans&quot;, arial, sans-serif; vertical-align: baseline; color: rgb(85, 85, 85);\"><strong style=\"margin: 0px; padding: 0px; border: 0px; outline: 0px; font-style: inherit; font-variant: inherit; font-stretch: inherit; font-size: inherit; line-height: inherit; font-family: inherit; vertical-align: baseline;\">Technical details:&nbsp;<\/strong>Over 416 pages,&nbsp;200 recipes,&nbsp;step-by-step photographs of the most important preparation techniques,&nbsp;18 cakes and individual cakes,&nbsp;24 bonbons,&nbsp;10 turrons,&nbsp;5 snacks,&nbsp;8 desserts for restaurant,&nbsp;7 petit fours and 8 bonbons for restaurant<\/p>\n<p style=\"margin-bottom: 10px; padding: 0px; border: 0px; outline: 0px; font-variant-numeric: inherit; font-variant-east-asian: inherit; font-stretch: inherit; font-size: 12px; line-height: 18px; font-family: &quot;Droid Sans&quot;, arial, sans-serif; vertical-align: baseline; color: rgb(85, 85, 85);\">Studies on mousses, truffles, fillings, raw materials and all the information about the most important techniques in chocolate making.<\/p>\n<p style=\"margin-bottom: 10px; padding: 0px; border: 0px; outline: 0px; font-variant-numeric: inherit; font-variant-east-asian: inherit; font-stretch: inherit; font-size: 12px; line-height: 18px; font-family: &quot;Droid Sans&quot;, arial, sans-serif; vertical-align: baseline; color: rgb(85, 85, 85);\"><strong style=\"margin: 0px; padding: 0px; border: 0px; outline: 0px; font-style: inherit; font-variant: inherit; font-stretch: inherit; font-size: inherit; line-height: inherit; font-family: inherit; vertical-align: baseline;\">Description:<\/strong>&nbsp;The book is divided into four extensive sections:<br style=\"margin: 0px; padding: 0px;\">CHOCOLATE AS A PRODUCT, CONFECTIONERY, CHOCOLATE MAKING AND RESTAURANT<\/p>\n<p style=\"margin-bottom: 10px; padding: 0px; border: 0px; outline: 0px; font-variant-numeric: inherit; font-variant-east-asian: inherit; font-stretch: inherit; font-size: 12px; line-height: 18px; font-family: &quot;Droid Sans&quot;, arial, sans-serif; vertical-align: baseline; color: rgb(85, 85, 85);\"><strong style=\"margin: 0px; padding: 0px; border: 0px; outline: 0px; font-style: inherit; font-variant: inherit; font-stretch: inherit; font-size: inherit; line-height: inherit; font-family: inherit; vertical-align: baseline;\">Questions:<\/strong><br style=\"margin: 0px; padding: 0px;\"><strong style=\"margin: 0px; padding: 0px; border: 0px; outline: 0px; font-style: inherit; font-variant: inherit; font-stretch: inherit; font-size: inherit; line-height: inherit; font-family: inherit; vertical-align: baseline;\">\u2022<\/strong>&nbsp;Do your bonbons have preservation problems? Do they dry or crystallize? Does mold appear after a few days? Learn how to balance your bonbon recipes in an easy and quick way. An extensive collection of recipes for balanced fillings is also included.<br style=\"margin: 0px; padding: 0px;\">\u2022 What happens to a chocolate product while baked in an oven? We travel inside the dough to understand what happens within the heart of baked products.<br style=\"margin: 0px; padding: 0px;\">\u2022 Do you want to change the type of chocolate for a different one without affecting the texture of your product?<br style=\"margin: 0px; padding: 0px;\">\u2022 Do you know how to control the activity of water inside a bonbon?<br style=\"margin: 0px; padding: 0px;\">\u2022 Get to know all the secrets about chocolate to obtain a good tempering, a perfect coating or a spectacular gloss.<\/p>\n","protected":false},"excerpt":{"rendered":"<p>Chocolate, by Ramon Morat\u00f3 4th EDITION Languages:&nbsp;spanish \/ english Technical details:&nbsp;Over 416 pages,&nbsp;200 recipes,&nbsp;step-by-step photographs of the most important preparation techniques,&nbsp;18 cakes and individual cakes,&nbsp;24 bonbons,&nbsp;10 turrons,&nbsp;5 snacks,&nbsp;8 desserts for [&hellip;]<\/p>\n","protected":false},"featured_media":11439,"template":"","meta":{"_tec_requires_first_save":true,"disable-jtr":false,"om_disable_all_campaigns":false,"_monsterinsights_skip_tracking":false,"_monsterinsights_sitenote_active":false,"_monsterinsights_sitenote_note":"","_monsterinsights_sitenote_category":0,"_uf_show_specific_survey":0,"_uf_disable_surveys":false,"_EventAllDay":false,"_EventTimezone":"","_EventStartDate":"","_EventEndDate":"","_EventStartDateUTC":"","_EventEndDateUTC":"","_EventShowMap":false,"_EventShowMapLink":false,"_EventURL":"","_EventCost":"","_EventCostDescription":"","_EventCurrencySymbol":"","_EventCurrencyCode":"","_EventCurrencyPosition":"","_EventDateTimeSeparator":"","_EventTimeRangeSeparator":"","_EventOrganizerID":[],"_EventVenueID":[],"_OrganizerEmail":"","_OrganizerPhone":"","_OrganizerWebsite":"","_VenueAddress":"","_VenueCity":"","_VenueCountry":"","_VenueProvince":"","_VenueState":"","_VenueZip":"","_VenuePhone":"","_VenueURL":"","_VenueStateProvince":"","_VenueLat":"","_VenueLng":"","_VenueShowMap":false,"_VenueShowMapLink":false,"_tribe_blocks_recurrence_rules":"","_tribe_blocks_recurrence_description":"","_tribe_blocks_recurrence_exclusions":""},"product_brand":[],"product_cat":[114],"product_tag":[],"class_list":{"0":"post-11438","1":"product","2":"type-product","3":"status-publish","4":"has-post-thumbnail","6":"product_cat-professional-books","8":"first","9":"instock","10":"purchasable","11":"product-type-simple"},"aioseo_notices":[],"jetpack-related-posts":[{"id":11418,"url":"https:\/\/www.martinchiffers.com\/art\/product\/so-good-13\/","url_meta":{"origin":11438,"position":0},"title":"so good.. #13","author":"","date":"April 22, 2021","format":false,"excerpt":"Number of pages: 306\u00a0Measures: 230 x 297 cm\u00a0Language: English\u00a0\u00a0Summarychristophe adam, the wildest flashesjerome landrieu, hard work as the best strategypatrice demers, \u2018everyday we\u2019re trying to push our limits\u2019darren purchese, an exclusive and extravagant dessert nightleonardo di carlo, olive oil in doughsjordi bordas, strong, lightweight and calculated, p\u00e2tisserie B\u2022Conceptyves scherrer, practical\u2026","rel":"","context":"Similar post","block_context":{"text":"Similar post","link":""},"img":{"alt_text":"","src":"https:\/\/i0.wp.com\/www.martinchiffers.com\/art\/wp-content\/uploads\/2021\/04\/products-sogood13thumb.jpg?fit=250%2C250&ssl=1&resize=350%2C200","width":350,"height":200},"classes":[]},{"id":11422,"url":"https:\/\/www.martinchiffers.com\/art\/product\/so-good-15\/","url_meta":{"origin":11438,"position":1},"title":"so good.. #15","author":"","date":"April 22, 2021","format":false,"excerpt":"Number of pages: 304\u00a0Measures: 230 x 297 cm\u00a0Language: English\u00a0\u00a0Summary\u00a0miquel guarro, painting flavorsdisfrutar, three-way creativityaya fukai, living the sweet lifejulien \u00e1lvarez, the unrelenting weight of elegancekirsten tibballs, good vibes 90josep maria rodr\u00edguez, interior designsamantha mendoza, personal and delicateluciano garc\u00eda, between two worldsgraham hornigold, \u2018our job is to refresh the palette and\u2026","rel":"","context":"Similar post","block_context":{"text":"Similar post","link":""},"img":{"alt_text":"","src":"","width":0,"height":0},"classes":[]},{"id":11440,"url":"https:\/\/www.martinchiffers.com\/art\/product\/siete-seven-masters-of-modern-spanish-pastisserie\/","url_meta":{"origin":11438,"position":2},"title":"SIETE. seven masters of modern spanish p\u00e2stisserie","author":"","date":"April 22, 2021","format":false,"excerpt":"SIETE. seven masters of modern spanish p\u00e2stisserie\u00a0Publisher :\u00a0Vilbo Ediciones y Publicidad SL\u00a0Language :\u00a0English, Spanish\u00a0Hardcover :\u00a0328 pages\u00a0They are seven of Spain\u2019s champions. But they are more than that. They are seven grand professionals who, in their careers, have not stopped evolving and who are the protagonists in Spanish patisserie. Seven personalities,\u2026","rel":"","context":"Similar post","block_context":{"text":"Similar post","link":""},"img":{"alt_text":"SIETE. seven masters of modern spanish p\u00e2stisserie","src":"https:\/\/i0.wp.com\/www.martinchiffers.com\/art\/wp-content\/uploads\/2021\/04\/products-SIETE-zoom.gif?fit=480%2C480&ssl=1&resize=350%2C200","width":350,"height":200},"classes":[]},{"id":11408,"url":"https:\/\/www.martinchiffers.com\/art\/product\/chocolate-form-strips-1200mm-x-75mm-x-1mm-cut-strips-white-gloss-upvc-upvc1200x75x1mm\/","url_meta":{"origin":11438,"position":3},"title":"Chocolate Form Strips 1200mm x 75mm x 1mm cut strips white gloss upvc   (UPVC1200x75x1mm)","author":"","date":"April 21, 2021","format":false,"excerpt":"Chocolate Form Strips 1200mm x 75mm x 1mm cut strips white gloss upvc\u00a0\u00a0 (UPVC1200x75x1mm)\u00a0","rel":"","context":"Similar post","block_context":{"text":"Similar post","link":""},"img":{"alt_text":"Chocolate Form Strips 1200mm x 75mm x 1mm cut strips white gloss upvc   (UPVC1200x75x1mm) ","src":"https:\/\/i0.wp.com\/www.martinchiffers.com\/art\/wp-content\/uploads\/2021\/04\/products-2UPVC.jpg?fit=800%2C533&ssl=1&resize=350%2C200","width":350,"height":200,"srcset":"https:\/\/i0.wp.com\/www.martinchiffers.com\/art\/wp-content\/uploads\/2021\/04\/products-2UPVC.jpg?fit=800%2C533&ssl=1&resize=350%2C200 1x, https:\/\/i0.wp.com\/www.martinchiffers.com\/art\/wp-content\/uploads\/2021\/04\/products-2UPVC.jpg?fit=800%2C533&ssl=1&resize=525%2C300 1.5x, https:\/\/i0.wp.com\/www.martinchiffers.com\/art\/wp-content\/uploads\/2021\/04\/products-2UPVC.jpg?fit=800%2C533&ssl=1&resize=700%2C400 2x"},"classes":[]},{"id":11406,"url":"https:\/\/www.martinchiffers.com\/art\/product\/chocolate-form-strips-1200mm-x-80mm-x-0-6mm-cut-strips-white-gloss-upvc-upvc1200x80\/","url_meta":{"origin":11438,"position":4},"title":"Chocolate Form Strips 1200mm x 80mm x 0.6mm cut strips white gloss upvc   (UPVC1200x80)","author":"","date":"April 21, 2021","format":false,"excerpt":"Chocolate Form Strips 1200mm x 80mm x 0.6mm cut strips white gloss upvc\u00a0\u00a0 (UPVC1200x80) \u00a313.00","rel":"","context":"Similar post","block_context":{"text":"Similar post","link":""},"img":{"alt_text":"Chocolate Form Strips 1200mm x 80mm x 0.6mm cut strips white gloss upvc   (UPVC1200x80) ","src":"https:\/\/i0.wp.com\/www.martinchiffers.com\/art\/wp-content\/uploads\/2021\/04\/products-3UPVC.jpg?fit=800%2C395&ssl=1&resize=350%2C200","width":350,"height":200,"srcset":"https:\/\/i0.wp.com\/www.martinchiffers.com\/art\/wp-content\/uploads\/2021\/04\/products-3UPVC.jpg?fit=800%2C395&ssl=1&resize=350%2C200 1x, https:\/\/i0.wp.com\/www.martinchiffers.com\/art\/wp-content\/uploads\/2021\/04\/products-3UPVC.jpg?fit=800%2C395&ssl=1&resize=525%2C300 1.5x, https:\/\/i0.wp.com\/www.martinchiffers.com\/art\/wp-content\/uploads\/2021\/04\/products-3UPVC.jpg?fit=800%2C395&ssl=1&resize=700%2C400 2x"},"classes":[]},{"id":11410,"url":"https:\/\/www.martinchiffers.com\/art\/product\/chocolate-form-sheets-600-x-400-x-0-42mm-cut-sheets-white-gloss-upvc-upvc60x40\/","url_meta":{"origin":11438,"position":5},"title":"Chocolate Form Sheets 600 x 400 x 0.42mm cut sheets white gloss upvc (UPVC60x40)","author":"","date":"April 21, 2021","format":false,"excerpt":"Chocolate Form Sheets 600 x 400 x 0.42mm cut sheets white gloss upvc (UPVC60x40)\u00a0","rel":"","context":"Similar post","block_context":{"text":"Similar post","link":""},"img":{"alt_text":"Chocolate Form Sheets 600 x 400 x 0.42mm cut sheets white gloss upvc (UPVC60x40) ","src":"https:\/\/i0.wp.com\/www.martinchiffers.com\/art\/wp-content\/uploads\/2021\/04\/products-1UPVC.jpg?fit=800%2C512&ssl=1&resize=350%2C200","width":350,"height":200,"srcset":"https:\/\/i0.wp.com\/www.martinchiffers.com\/art\/wp-content\/uploads\/2021\/04\/products-1UPVC.jpg?fit=800%2C512&ssl=1&resize=350%2C200 1x, https:\/\/i0.wp.com\/www.martinchiffers.com\/art\/wp-content\/uploads\/2021\/04\/products-1UPVC.jpg?fit=800%2C512&ssl=1&resize=525%2C300 1.5x, https:\/\/i0.wp.com\/www.martinchiffers.com\/art\/wp-content\/uploads\/2021\/04\/products-1UPVC.jpg?fit=800%2C512&ssl=1&resize=700%2C400 2x"},"classes":[]}],"jetpack_sharing_enabled":true,"_links":{"self":[{"href":"https:\/\/www.martinchiffers.com\/art\/wp-json\/wp\/v2\/product\/11438","targetHints":{"allow":["GET"]}}],"collection":[{"href":"https:\/\/www.martinchiffers.com\/art\/wp-json\/wp\/v2\/product"}],"about":[{"href":"https:\/\/www.martinchiffers.com\/art\/wp-json\/wp\/v2\/types\/product"}],"wp:featuredmedia":[{"embeddable":true,"href":"https:\/\/www.martinchiffers.com\/art\/wp-json\/wp\/v2\/media\/11439"}],"wp:attachment":[{"href":"https:\/\/www.martinchiffers.com\/art\/wp-json\/wp\/v2\/media?parent=11438"}],"wp:term":[{"taxonomy":"product_brand","embeddable":true,"href":"https:\/\/www.martinchiffers.com\/art\/wp-json\/wp\/v2\/product_brand?post=11438"},{"taxonomy":"product_cat","embeddable":true,"href":"https:\/\/www.martinchiffers.com\/art\/wp-json\/wp\/v2\/product_cat?post=11438"},{"taxonomy":"product_tag","embeddable":true,"href":"https:\/\/www.martinchiffers.com\/art\/wp-json\/wp\/v2\/product_tag?post=11438"}],"curies":[{"name":"wp","href":"https:\/\/api.w.org\/{rel}","templated":true}]}}